{"id":400,"date":"2021-02-23T17:34:16","date_gmt":"2021-02-23T17:34:16","guid":{"rendered":"https:\/\/www.hotelsomerscales.cl\/?page_id=400"},"modified":"2025-06-17T20:13:00","modified_gmt":"2025-06-17T20:13:00","slug":"estadia","status":"publish","type":"page","link":"https:\/\/www.hotelsomerscales.cl\/en\/estadia\/","title":{"rendered":"Estad\u00eda"},"content":{"rendered":"<div data-vc-parallax=\"1.5\" data-vc-parallax-image=\"https:\/\/www.hotelsomerscales.cl\/wp-content\/uploads\/2021\/02\/Copia-de-DSC_8874-2-1-scaled.jpg\" class=\"vc_row wpb_row row vc_row-has-fill vc_general vc_parallax vc_parallax-content-moving\"><div class=\"vc_column_container col-md-12\"><div class=\"wpb_wrapper vc_column-inner\"><div class=\"vc_empty_space\"   style=\"height: 250px\"><span class=\"vc_empty_space_inner\"><\/span><\/div><h1 style=\"color: #ffffff;text-align: center;font-family:Montserrat;font-weight:400;font-style:normal\" class=\"vc_custom_heading\">Despierta, Disfruta y Conecta con Valpara\u00edso<\/h1><\/div><\/div><\/div><div class=\"vc_row wpb_row p-t-xxl p-b-md porto-inner-container\"><div class=\"porto-wrap-container container\"><div class=\"row\"><div class=\"vc_column_container col-md-6\"><div class=\"wpb_wrapper vc_column-inner\"><div class=\"vc_empty_space\"   style=\"height: 10px\"><span class=\"vc_empty_space_inner\"><\/span><\/div>\n\t<div class=\"wpb_text_column wpb_content_element\" >\n\t\t<div class=\"wpb_wrapper\">\n\t\t\t<p style=\"text-align: justify;\"><span style=\"font-weight: 400;\">Nuestro alojamiento se caracteriza por integrar la cultura en su actividad cotidiana. Artistas locales han hermoseado nuestro hotel, lo que se puede apreciar en algunas de las pinturas que exponemos, la restauraci\u00f3n de nuestras l\u00e1mparas y hasta en los accesorios de las habitaciones d\u00e1ndoles un toque \u00fanico y distintivo a cada una de ellas.<\/span><\/p>\n\n\t\t<\/div>\n\t<\/div>\n<\/div><\/div><div class=\"vc_column_container col-md-6\"><div class=\"wpb_wrapper vc_column-inner\"><div class=\"vc_empty_space\"   style=\"height: 10px\"><span class=\"vc_empty_space_inner\"><\/span><\/div>\n\t<div class=\"wpb_text_column wpb_content_element\" >\n\t\t<div class=\"wpb_wrapper\">\n\t\t\t<p style=\"text-align: justify;\"><span style=\"font-weight: 400;\">In addition, adding the living culture of Valpara\u00edso is a contribution that our hotel cannot fail to deliver\u2026, Follow\nus on social networks and find out about the social gatherings, art exhibitions and cultural events that we\npermanently celebrate! <\/span><\/p>\n\n\t\t<\/div>\n\t<\/div>\n<\/div><\/div><\/div><\/div><\/div><div class=\"vc_row wpb_row vc_custom_1612377959129 no-padding vc_row-has-fill vc_row-o-equal-height vc_row-flex porto-inner-container\"><div class=\"porto-wrap-container container\"><div class=\"row\"><div class=\"vc_column_container col-md-12 vc_custom_1614102320277\"><div class=\"wpb_wrapper vc_column-inner\"><div class=\"vc_row wpb_row vc_inner row\"><div class=\"vc_column_container col-md-12\"><div class=\"wpb_wrapper vc_column-inner\"><div class=\"porto-separator\"><style>.separator683390374:after {background-image:url(https:\/\/www.hotelsomerscales.cl\/wp-content\/uploads\/2016\/08\/custom-divider-1.png) !important;background-repeat:no-repeat !important;background-position:center center !important;height:18px !important;margin-top:-9px !important;}.separator683390374 {height:18px !important;}<\/style><hr class=\"separator-line  align_center pattern separator683390374\"><\/div><div class=\"vc_empty_space\"   style=\"height: 40px\"><span class=\"vc_empty_space_inner\"><\/span><\/div><\/div><\/div><\/div><\/div><\/div><\/div><\/div><\/div><div class=\"vc_row wpb_row vc_custom_1612377959129 no-padding vc_row-has-fill vc_row-o-equal-height vc_row-flex porto-inner-container\"><div class=\"porto-wrap-container container\"><div class=\"row\"><div class=\"vc_column_container col-md-8 vc_custom_1614258715333\"><div class=\"wpb_wrapper vc_column-inner\"><div class=\"vc_empty_space\"   style=\"height: 120px\"><span class=\"vc_empty_space_inner\"><\/span><\/div><\/div><\/div><div class=\"vc_column_container col-md-4 vc_custom_1614103508064\"><div class=\"wpb_wrapper vc_column-inner\"><div class=\"vc_row wpb_row vc_inner row\"><div class=\"vc_column_container col-md-12\"><div class=\"wpb_wrapper vc_column-inner\"><div class=\"vc_empty_space\"   style=\"height: 130px\"><span class=\"vc_empty_space_inner\"><\/span><\/div><\/div><\/div><\/div>\n\t<div class=\"wpb_text_column wpb_content_element\" >\n\t\t<div class=\"wpb_wrapper\">\n\t\t\t<p style=\"text-align: justify;\"><span style=\"font-weight: 400;\">Haz de tu estad\u00eda una maravillosa experiencia\u2026En nuestro hotel puedes tomar un libro y hacer de la lectura tu mejor compa\u00f1era, escribir un poema o simplemente desconectar la mente. Aqu\u00ed se dan todas las condiciones para un merecido descanso.<\/span><\/p>\n\n\t\t<\/div>\n\t<\/div>\n<div class=\"vc_empty_space\"   style=\"height: 130px\"><span class=\"vc_empty_space_inner\"><\/span><\/div><\/div><\/div><\/div><\/div><\/div><div class=\"vc_row wpb_row vc_custom_1612377959129 no-padding vc_row-has-fill vc_row-o-equal-height vc_row-flex porto-inner-container\"><div class=\"porto-wrap-container container\"><div class=\"row\"><div class=\"vc_column_container col-md-12 vc_custom_1614102320277\"><div class=\"wpb_wrapper vc_column-inner\"><div class=\"vc_row wpb_row vc_inner row\"><div class=\"vc_column_container col-md-12\"><div class=\"wpb_wrapper vc_column-inner\"><div class=\"vc_empty_space\"   style=\"height: 120px\"><span class=\"vc_empty_space_inner\"><\/span><\/div><\/div><\/div><\/div><\/div><\/div><\/div><\/div><\/div><div class=\"vc_row wpb_row vc_custom_1745265309997 vc_row-has-fill vc_row-o-equal-height vc_row-flex porto-inner-container\"><div class=\"porto-wrap-container container\"><div class=\"row\"><div class=\"vc_column_container col-md-4 vc_custom_1745265160643\"><div class=\"wpb_wrapper vc_column-inner\"><div class=\"vc_empty_space\"   style=\"height: 40px\"><span class=\"vc_empty_space_inner\"><\/span><\/div><div class=\"vc_row wpb_row vc_inner row\"><div class=\"vc_column_container col-md-12\"><div class=\"wpb_wrapper vc_column-inner\"><div class=\"vc_empty_space\"   style=\"height: 120px\"><span class=\"vc_empty_space_inner\"><\/span><\/div>\n\t<div class=\"wpb_text_column wpb_content_element\" >\n\t\t<div class=\"wpb_wrapper\">\n\t\t\t<p style=\"text-align: justify;\"><span style=\"font-weight: 400;\">Si quieres pintar, siguiendo los pasos de Thomas Somerscales, te facilitamos un atril. Es posible que aqu\u00ed veamos el nacimiento de un nuevo artista.<\/span><\/p>\n\n\t\t<\/div>\n\t<\/div>\n<div class=\"vc_empty_space\"   style=\"height: 130px\"><span class=\"vc_empty_space_inner\"><\/span><\/div><\/div><\/div><\/div><\/div><\/div><div class=\"vc_column_container col-md-8 vc_custom_1745264880148\"><div class=\"wpb_wrapper vc_column-inner\"><div class=\"vc_empty_space  vc_custom_1745265245533\"   style=\"height: 150px\"><span class=\"vc_empty_space_inner\"><\/span><\/div><\/div><\/div><\/div><\/div><\/div><div class=\"vc_row wpb_row vc_custom_1612377959129 no-padding vc_row-has-fill vc_row-o-equal-height vc_row-flex porto-inner-container\"><div class=\"porto-wrap-container container\"><div class=\"row\"><div class=\"vc_column_container col-md-12 vc_custom_1614102320277\"><div class=\"wpb_wrapper vc_column-inner\"><div class=\"vc_row wpb_row vc_inner row\"><div class=\"vc_column_container col-md-12\"><div class=\"wpb_wrapper vc_column-inner\"><div class=\"vc_empty_space\"   style=\"height: 120px\"><span class=\"vc_empty_space_inner\"><\/span><\/div><\/div><\/div><\/div><\/div><\/div><\/div><\/div><\/div><div class=\"vc_row wpb_row vc_custom_1612377959129 no-padding vc_row-has-fill vc_row-o-equal-height vc_row-flex porto-inner-container\"><div class=\"porto-wrap-container container\"><div class=\"row\"><div class=\"vc_column_container col-md-8 vc_custom_1615478311667\"><div class=\"wpb_wrapper vc_column-inner\"><div class=\"vc_row wpb_row vc_inner row\"><div class=\"vc_column_container col-md-12\"><div class=\"wpb_wrapper vc_column-inner\"><div class=\"vc_empty_space\"   style=\"height: 120px\"><span class=\"vc_empty_space_inner\"><\/span><\/div><\/div><\/div><\/div><\/div><\/div><div class=\"vc_column_container col-md-4 vc_custom_1612378225470\"><div class=\"wpb_wrapper vc_column-inner\"><div class=\"vc_empty_space\"   style=\"height: 130px\"><span class=\"vc_empty_space_inner\"><\/span><\/div>\n\t<div class=\"wpb_text_column wpb_content_element\" >\n\t\t<div class=\"wpb_wrapper\">\n\t\t\t<p style=\"text-align: justify;\">Getting out of the routine and working from a hotel with all the comfort and security that it can offer you is a must in these times when we need to make our work a place of rejoicing.<\/p>\n\n\t\t<\/div>\n\t<\/div>\n<div class=\"vc_empty_space\"   style=\"height: 130px\"><span class=\"vc_empty_space_inner\"><\/span><\/div><\/div><\/div><\/div><\/div><\/div><div class=\"vc_row wpb_row vc_custom_1612377959129 no-padding vc_row-has-fill vc_row-o-equal-height vc_row-flex porto-inner-container\"><div class=\"porto-wrap-container container\"><div class=\"row\"><div class=\"vc_column_container col-md-12 vc_custom_1614102320277\"><div class=\"wpb_wrapper vc_column-inner\"><div class=\"vc_row wpb_row vc_inner row\"><div class=\"vc_column_container col-md-12\"><div class=\"wpb_wrapper vc_column-inner\"><div class=\"vc_empty_space\"   style=\"height: 120px\"><span class=\"vc_empty_space_inner\"><\/span><\/div><\/div><\/div><\/div><\/div><\/div><\/div><\/div><\/div><div class=\"vc_row wpb_row vc_custom_1614102522627 vc_row-has-fill vc_row-o-equal-height vc_row-flex porto-inner-container\"><div class=\"porto-wrap-container container\"><div class=\"row\"><div class=\"vc_column_container col-md-4 vc_custom_1614102081879\"><div class=\"wpb_wrapper vc_column-inner\"><div class=\"vc_empty_space\"   style=\"height: 40px\"><span class=\"vc_empty_space_inner\"><\/span><\/div><div class=\"vc_row wpb_row vc_inner row\"><div class=\"vc_column_container col-md-12\"><div class=\"wpb_wrapper vc_column-inner\"><div class=\"vc_empty_space\"   style=\"height: 130px\"><span class=\"vc_empty_space_inner\"><\/span><\/div>\n\t<div class=\"wpb_text_column wpb_content_element\" >\n\t\t<div class=\"wpb_wrapper\">\n\t\t\t<p style=\"text-align: justify;\"><span style=\"font-weight: 400;\">Disfruta este invierno del calor de hogar que te entregamos en Hotel Casa Somerscales. Vivir el invierno en esta ciudad m\u00e1gica es un viaje al romanticismo, a la nostalgia y al reencuentro con nosotros mismos. Disfrutarlo en nuestra casa un deleite.<\/span><\/p>\n\n\t\t<\/div>\n\t<\/div>\n<div class=\"vc_empty_space\"   style=\"height: 130px\"><span class=\"vc_empty_space_inner\"><\/span><\/div><\/div><\/div><\/div><\/div><\/div><div class=\"vc_column_container col-md-8 vc_custom_1745264900954\"><div class=\"wpb_wrapper vc_column-inner\"><div class=\"vc_empty_space\"   style=\"height: 120px\"><span class=\"vc_empty_space_inner\"><\/span><\/div><\/div><\/div><\/div><\/div><\/div><div class=\"vc_row wpb_row vc_custom_1612377959129 no-padding vc_row-has-fill vc_row-o-equal-height vc_row-flex porto-inner-container\"><div class=\"porto-wrap-container container\"><div class=\"row\"><div class=\"vc_column_container col-md-12 vc_custom_1614102320277\"><div class=\"wpb_wrapper vc_column-inner\"><div class=\"vc_row wpb_row vc_inner row\"><div class=\"vc_column_container col-md-12\"><div class=\"wpb_wrapper vc_column-inner\"><div class=\"vc_empty_space\"   style=\"height: 120px\"><span class=\"vc_empty_space_inner\"><\/span><\/div><\/div><\/div><\/div><\/div><\/div><\/div><\/div><\/div><div class=\"vc_row wpb_row vc_custom_1612377959129 no-padding vc_row-has-fill vc_row-o-equal-height vc_row-flex porto-inner-container\"><div class=\"porto-wrap-container container\"><div class=\"row\"><div class=\"vc_column_container col-md-8 vc_custom_1615478332456\"><div class=\"wpb_wrapper vc_column-inner\"><div class=\"vc_row wpb_row vc_inner row\"><div class=\"vc_column_container col-md-12\"><div class=\"wpb_wrapper vc_column-inner\"><div class=\"vc_empty_space\"   style=\"height: 120px\"><span class=\"vc_empty_space_inner\"><\/span><\/div><\/div><\/div><\/div><\/div><\/div><div class=\"vc_column_container col-md-4 vc_custom_1612378225470\"><div class=\"wpb_wrapper vc_column-inner\"><div class=\"vc_empty_space\"   style=\"height: 130px\"><span class=\"vc_empty_space_inner\"><\/span><\/div>\n\t<div class=\"wpb_text_column wpb_content_element\" >\n\t\t<div class=\"wpb_wrapper\">\n\t\t\t<p style=\"text-align: justify;\"><span style=\"font-weight: 400;\">Ask for your MAT at reception and do your yoga or meditation class on the terrace, garden or in your room.\nAll our spaces are available for your relaxation.<\/span><\/p>\n\n\t\t<\/div>\n\t<\/div>\n<div class=\"vc_empty_space\"   style=\"height: 130px\"><span class=\"vc_empty_space_inner\"><\/span><\/div><\/div><\/div><\/div><\/div><\/div><div class=\"vc_row wpb_row row\"><div class=\"vc_column_container col-md-12\"><div class=\"wpb_wrapper vc_column-inner\"><div class=\"vc_empty_space\"   style=\"height: 150px\"><span class=\"vc_empty_space_inner\"><\/span><\/div><\/div><\/div><\/div><div class=\"vc_row wpb_row row\"><div class=\"vc_column_container col-md-12\"><div class=\"wpb_wrapper vc_column-inner\"><div class=\"wpb_images_carousel wpb_content_element vc_clearfix\"><div class=\"wpb_wrapper\"><div id=\"vc_images-carousel-1-1776657343\" data-ride=\"vc_carousel\" data-wrap=\"true\" style=\"width: 100%;\" data-interval=\"3000\" data-auto-height=\"yes\" data-mode=\"horizontal\" data-partial=\"true\" data-per-view=\"2\" data-hide-on-end=\"false\" class=\"vc_slide vc_images_carousel\"><div class=\"vc_carousel-inner\"><div class=\"vc_carousel-slideline\"><div class=\"vc_carousel-slideline-inner\"><div class=\"vc_item\"><div class=\"vc_inner\"><img loading=\"lazy\" decoding=\"async\" width=\"2000\" height=\"1333\" src=\"https:\/\/www.hotelsomerscales.cl\/wp-content\/uploads\/2021\/02\/DSC_7609.jpg\" class=\"attachment-full\" alt=\"\" srcset=\"https:\/\/www.hotelsomerscales.cl\/wp-content\/uploads\/2021\/02\/DSC_7609.jpg 2000w, https:\/\/www.hotelsomerscales.cl\/wp-content\/uploads\/2021\/02\/DSC_7609-1024x682.jpg 1024w, https:\/\/www.hotelsomerscales.cl\/wp-content\/uploads\/2021\/02\/DSC_7609-768x512.jpg 768w, https:\/\/www.hotelsomerscales.cl\/wp-content\/uploads\/2021\/02\/DSC_7609-1536x1024.jpg 1536w, https:\/\/www.hotelsomerscales.cl\/wp-content\/uploads\/2021\/02\/DSC_7609-640x427.jpg 640w, https:\/\/www.hotelsomerscales.cl\/wp-content\/uploads\/2021\/02\/DSC_7609-400x267.jpg 400w\" sizes=\"auto, (max-width: 2000px) 100vw, 2000px\" \/><\/div><\/div><div class=\"vc_item\"><div class=\"vc_inner\"><img loading=\"lazy\" decoding=\"async\" width=\"2000\" height=\"1333\" src=\"https:\/\/www.hotelsomerscales.cl\/wp-content\/uploads\/2021\/02\/DSC_7626.jpg\" class=\"attachment-full\" alt=\"\" srcset=\"https:\/\/www.hotelsomerscales.cl\/wp-content\/uploads\/2021\/02\/DSC_7626.jpg 2000w, https:\/\/www.hotelsomerscales.cl\/wp-content\/uploads\/2021\/02\/DSC_7626-1024x682.jpg 1024w, https:\/\/www.hotelsomerscales.cl\/wp-content\/uploads\/2021\/02\/DSC_7626-768x512.jpg 768w, https:\/\/www.hotelsomerscales.cl\/wp-content\/uploads\/2021\/02\/DSC_7626-1536x1024.jpg 1536w, https:\/\/www.hotelsomerscales.cl\/wp-content\/uploads\/2021\/02\/DSC_7626-640x427.jpg 640w, https:\/\/www.hotelsomerscales.cl\/wp-content\/uploads\/2021\/02\/DSC_7626-400x267.jpg 400w\" sizes=\"auto, (max-width: 2000px) 100vw, 2000px\" \/><\/div><\/div><div class=\"vc_item\"><div class=\"vc_inner\"><img loading=\"lazy\" decoding=\"async\" width=\"2000\" height=\"1333\" src=\"https:\/\/www.hotelsomerscales.cl\/wp-content\/uploads\/2021\/02\/DSC_7555.jpg\" class=\"attachment-full\" alt=\"\" srcset=\"https:\/\/www.hotelsomerscales.cl\/wp-content\/uploads\/2021\/02\/DSC_7555.jpg 2000w, https:\/\/www.hotelsomerscales.cl\/wp-content\/uploads\/2021\/02\/DSC_7555-1024x682.jpg 1024w, https:\/\/www.hotelsomerscales.cl\/wp-content\/uploads\/2021\/02\/DSC_7555-768x512.jpg 768w, https:\/\/www.hotelsomerscales.cl\/wp-content\/uploads\/2021\/02\/DSC_7555-1536x1024.jpg 1536w, https:\/\/www.hotelsomerscales.cl\/wp-content\/uploads\/2021\/02\/DSC_7555-640x427.jpg 640w, https:\/\/www.hotelsomerscales.cl\/wp-content\/uploads\/2021\/02\/DSC_7555-400x267.jpg 400w\" sizes=\"auto, (max-width: 2000px) 100vw, 2000px\" \/><\/div><\/div><div class=\"vc_item\"><div class=\"vc_inner\"><img loading=\"lazy\" decoding=\"async\" width=\"2000\" height=\"1333\" src=\"https:\/\/www.hotelsomerscales.cl\/wp-content\/uploads\/2021\/02\/DSC_7690.jpg\" class=\"attachment-full\" alt=\"\" srcset=\"https:\/\/www.hotelsomerscales.cl\/wp-content\/uploads\/2021\/02\/DSC_7690.jpg 2000w, https:\/\/www.hotelsomerscales.cl\/wp-content\/uploads\/2021\/02\/DSC_7690-1024x682.jpg 1024w, https:\/\/www.hotelsomerscales.cl\/wp-content\/uploads\/2021\/02\/DSC_7690-768x512.jpg 768w, https:\/\/www.hotelsomerscales.cl\/wp-content\/uploads\/2021\/02\/DSC_7690-1536x1024.jpg 1536w, https:\/\/www.hotelsomerscales.cl\/wp-content\/uploads\/2021\/02\/DSC_7690-640x427.jpg 640w, https:\/\/www.hotelsomerscales.cl\/wp-content\/uploads\/2021\/02\/DSC_7690-400x267.jpg 400w\" sizes=\"auto, (max-width: 2000px) 100vw, 2000px\" \/><\/div><\/div><div class=\"vc_item\"><div class=\"vc_inner\"><img loading=\"lazy\" decoding=\"async\" width=\"2000\" height=\"1333\" src=\"https:\/\/www.hotelsomerscales.cl\/wp-content\/uploads\/2021\/02\/DSC_7813.jpg\" class=\"attachment-full\" alt=\"\" srcset=\"https:\/\/www.hotelsomerscales.cl\/wp-content\/uploads\/2021\/02\/DSC_7813.jpg 2000w, https:\/\/www.hotelsomerscales.cl\/wp-content\/uploads\/2021\/02\/DSC_7813-1024x682.jpg 1024w, https:\/\/www.hotelsomerscales.cl\/wp-content\/uploads\/2021\/02\/DSC_7813-768x512.jpg 768w, https:\/\/www.hotelsomerscales.cl\/wp-content\/uploads\/2021\/02\/DSC_7813-1536x1024.jpg 1536w, https:\/\/www.hotelsomerscales.cl\/wp-content\/uploads\/2021\/02\/DSC_7813-640x427.jpg 640w, https:\/\/www.hotelsomerscales.cl\/wp-content\/uploads\/2021\/02\/DSC_7813-400x267.jpg 400w\" sizes=\"auto, (max-width: 2000px) 100vw, 2000px\" \/><\/div><\/div><div class=\"vc_item\"><div class=\"vc_inner\"><img loading=\"lazy\" decoding=\"async\" width=\"2560\" height=\"1707\" src=\"https:\/\/www.hotelsomerscales.cl\/wp-content\/uploads\/2021\/02\/DSC_7453-scaled.jpg\" class=\"attachment-full\" alt=\"\" srcset=\"https:\/\/www.hotelsomerscales.cl\/wp-content\/uploads\/2021\/02\/DSC_7453-scaled.jpg 2560w, https:\/\/www.hotelsomerscales.cl\/wp-content\/uploads\/2021\/02\/DSC_7453-1024x683.jpg 1024w, https:\/\/www.hotelsomerscales.cl\/wp-content\/uploads\/2021\/02\/DSC_7453-768x512.jpg 768w, https:\/\/www.hotelsomerscales.cl\/wp-content\/uploads\/2021\/02\/DSC_7453-1536x1024.jpg 1536w, https:\/\/www.hotelsomerscales.cl\/wp-content\/uploads\/2021\/02\/DSC_7453-2048x1365.jpg 2048w, https:\/\/www.hotelsomerscales.cl\/wp-content\/uploads\/2021\/02\/DSC_7453-640x427.jpg 640w, https:\/\/www.hotelsomerscales.cl\/wp-content\/uploads\/2021\/02\/DSC_7453-400x267.jpg 400w\" sizes=\"auto, (max-width: 2560px) 100vw, 2560px\" \/><\/div><\/div><div class=\"vc_item\"><div class=\"vc_inner\"><img loading=\"lazy\" decoding=\"async\" width=\"2000\" height=\"1333\" src=\"https:\/\/www.hotelsomerscales.cl\/wp-content\/uploads\/2021\/02\/DSC_7854.jpg\" class=\"attachment-full\" alt=\"\" srcset=\"https:\/\/www.hotelsomerscales.cl\/wp-content\/uploads\/2021\/02\/DSC_7854.jpg 2000w, https:\/\/www.hotelsomerscales.cl\/wp-content\/uploads\/2021\/02\/DSC_7854-1024x682.jpg 1024w, https:\/\/www.hotelsomerscales.cl\/wp-content\/uploads\/2021\/02\/DSC_7854-768x512.jpg 768w, https:\/\/www.hotelsomerscales.cl\/wp-content\/uploads\/2021\/02\/DSC_7854-1536x1024.jpg 1536w, https:\/\/www.hotelsomerscales.cl\/wp-content\/uploads\/2021\/02\/DSC_7854-640x427.jpg 640w, https:\/\/www.hotelsomerscales.cl\/wp-content\/uploads\/2021\/02\/DSC_7854-400x267.jpg 400w\" sizes=\"auto, (max-width: 2000px) 100vw, 2000px\" \/><\/div><\/div><div class=\"vc_item\"><div class=\"vc_inner\"><img loading=\"lazy\" decoding=\"async\" width=\"2000\" height=\"1333\" src=\"https:\/\/www.hotelsomerscales.cl\/wp-content\/uploads\/2021\/03\/DSC_7987.jpg\" class=\"attachment-full\" alt=\"\" srcset=\"https:\/\/www.hotelsomerscales.cl\/wp-content\/uploads\/2021\/03\/DSC_7987.jpg 2000w, https:\/\/www.hotelsomerscales.cl\/wp-content\/uploads\/2021\/03\/DSC_7987-1024x682.jpg 1024w, https:\/\/www.hotelsomerscales.cl\/wp-content\/uploads\/2021\/03\/DSC_7987-768x512.jpg 768w, https:\/\/www.hotelsomerscales.cl\/wp-content\/uploads\/2021\/03\/DSC_7987-1536x1024.jpg 1536w, https:\/\/www.hotelsomerscales.cl\/wp-content\/uploads\/2021\/03\/DSC_7987-640x427.jpg 640w, https:\/\/www.hotelsomerscales.cl\/wp-content\/uploads\/2021\/03\/DSC_7987-400x267.jpg 400w\" sizes=\"auto, (max-width: 2000px) 100vw, 2000px\" \/><\/div><\/div><div class=\"vc_item\"><div class=\"vc_inner\"><img loading=\"lazy\" decoding=\"async\" width=\"2000\" height=\"1333\" src=\"https:\/\/www.hotelsomerscales.cl\/wp-content\/uploads\/2021\/03\/DSC_7884.jpg\" class=\"attachment-full\" alt=\"\" srcset=\"https:\/\/www.hotelsomerscales.cl\/wp-content\/uploads\/2021\/03\/DSC_7884.jpg 2000w, https:\/\/www.hotelsomerscales.cl\/wp-content\/uploads\/2021\/03\/DSC_7884-1024x682.jpg 1024w, https:\/\/www.hotelsomerscales.cl\/wp-content\/uploads\/2021\/03\/DSC_7884-768x512.jpg 768w, https:\/\/www.hotelsomerscales.cl\/wp-content\/uploads\/2021\/03\/DSC_7884-1536x1024.jpg 1536w, https:\/\/www.hotelsomerscales.cl\/wp-content\/uploads\/2021\/03\/DSC_7884-640x427.jpg 640w, https:\/\/www.hotelsomerscales.cl\/wp-content\/uploads\/2021\/03\/DSC_7884-400x267.jpg 400w\" sizes=\"auto, (max-width: 2000px) 100vw, 2000px\" \/><\/div><\/div><div class=\"vc_item\"><div class=\"vc_inner\"><img loading=\"lazy\" decoding=\"async\" width=\"2000\" height=\"1333\" src=\"https:\/\/www.hotelsomerscales.cl\/wp-content\/uploads\/2021\/03\/DSC_8024.jpg\" class=\"attachment-full\" alt=\"\" srcset=\"https:\/\/www.hotelsomerscales.cl\/wp-content\/uploads\/2021\/03\/DSC_8024.jpg 2000w, https:\/\/www.hotelsomerscales.cl\/wp-content\/uploads\/2021\/03\/DSC_8024-1024x682.jpg 1024w, https:\/\/www.hotelsomerscales.cl\/wp-content\/uploads\/2021\/03\/DSC_8024-768x512.jpg 768w, https:\/\/www.hotelsomerscales.cl\/wp-content\/uploads\/2021\/03\/DSC_8024-1536x1024.jpg 1536w, https:\/\/www.hotelsomerscales.cl\/wp-content\/uploads\/2021\/03\/DSC_8024-640x427.jpg 640w, https:\/\/www.hotelsomerscales.cl\/wp-content\/uploads\/2021\/03\/DSC_8024-400x267.jpg 400w\" sizes=\"auto, (max-width: 2000px) 100vw, 2000px\" \/><\/div><\/div><div class=\"vc_item\"><div class=\"vc_inner\"><img loading=\"lazy\" decoding=\"async\" width=\"2000\" height=\"1333\" src=\"https:\/\/www.hotelsomerscales.cl\/wp-content\/uploads\/2021\/03\/DSC_7939.jpg\" class=\"attachment-full\" alt=\"\" srcset=\"https:\/\/www.hotelsomerscales.cl\/wp-content\/uploads\/2021\/03\/DSC_7939.jpg 2000w, https:\/\/www.hotelsomerscales.cl\/wp-content\/uploads\/2021\/03\/DSC_7939-1024x682.jpg 1024w, https:\/\/www.hotelsomerscales.cl\/wp-content\/uploads\/2021\/03\/DSC_7939-768x512.jpg 768w, https:\/\/www.hotelsomerscales.cl\/wp-content\/uploads\/2021\/03\/DSC_7939-1536x1024.jpg 1536w, https:\/\/www.hotelsomerscales.cl\/wp-content\/uploads\/2021\/03\/DSC_7939-640x427.jpg 640w, https:\/\/www.hotelsomerscales.cl\/wp-content\/uploads\/2021\/03\/DSC_7939-400x267.jpg 400w\" sizes=\"auto, (max-width: 2000px) 100vw, 2000px\" \/><\/div><\/div><\/div><\/div><\/div><a class=\"vc_left vc_carousel-control\" href=\"#vc_images-carousel-1-1776657343\" data-slide=\"prev\"><span class=\"icon-prev\"><\/span><\/a><a class=\"vc_right vc_carousel-control\" href=\"#vc_images-carousel-1-1776657343\" data-slide=\"next\"><span class=\"icon-next\"><\/span><\/a><\/div><\/div><\/div><\/div><\/div><\/div>","protected":false},"excerpt":{"rendered":"Despierta, Disfruta y Conecta con Valpara\u00edso Nuestro alojamiento se caracteriza por integrar la cultura en su actividad cotidiana. Artistas locales han hermoseado nuestro hotel, lo que se puede apreciar en algunas de las pinturas que exponemos, la restauraci\u00f3n de nuestras l\u00e1mparas y hasta en los accesorios de las habitaciones d\u00e1ndoles un toque \u00fanico y distintivo [...]","protected":false},"author":2,"featured_media":0,"parent":0,"menu_order":0,"comment_status":"closed","ping_status":"closed","template":"","meta":{"footnotes":""},"class_list":["post-400","page","type-page","status-publish","hentry"],"_links":{"self":[{"href":"https:\/\/www.hotelsomerscales.cl\/en\/wp-json\/wp\/v2\/pages\/400","targetHints":{"allow":["GET"]}}],"collection":[{"href":"https:\/\/www.hotelsomerscales.cl\/en\/wp-json\/wp\/v2\/pages"}],"about":[{"href":"https:\/\/www.hotelsomerscales.cl\/en\/wp-json\/wp\/v2\/types\/page"}],"author":[{"embeddable":true,"href":"https:\/\/www.hotelsomerscales.cl\/en\/wp-json\/wp\/v2\/users\/2"}],"replies":[{"embeddable":true,"href":"https:\/\/www.hotelsomerscales.cl\/en\/wp-json\/wp\/v2\/comments?post=400"}],"version-history":[{"count":64,"href":"https:\/\/www.hotelsomerscales.cl\/en\/wp-json\/wp\/v2\/pages\/400\/revisions"}],"predecessor-version":[{"id":6513,"href":"https:\/\/www.hotelsomerscales.cl\/en\/wp-json\/wp\/v2\/pages\/400\/revisions\/6513"}],"wp:attachment":[{"href":"https:\/\/www.hotelsomerscales.cl\/en\/wp-json\/wp\/v2\/media?parent=400"}],"curies":[{"name":"wp","href":"https:\/\/api.w.org\/{rel}","templated":true}]}}