{"id":205,"date":"2021-02-03T17:27:06","date_gmt":"2021-02-03T17:27:06","guid":{"rendered":"https:\/\/www.hotelsomerscales.cl\/?page_id=205"},"modified":"2025-07-22T14:32:54","modified_gmt":"2025-07-22T14:32:54","slug":"reserva","status":"publish","type":"page","link":"https:\/\/www.hotelsomerscales.cl\/en\/reserva\/","title":{"rendered":"Reserva tu estad\u00eda"},"content":{"rendered":"<div data-vc-parallax=\"1.5\" data-vc-parallax-image=\"https:\/\/www.hotelsomerscales.cl\/wp-content\/uploads\/2021\/02\/Panorama_sin_ti\u0301tulo1-3-scaled.jpg\" class=\"vc_row wpb_row row vc_row-has-fill vc_general vc_parallax vc_parallax-content-moving\"><div class=\"vc_column_container col-md-12\"><div class=\"wpb_wrapper vc_column-inner\"><div class=\"vc_empty_space\"   style=\"height: 250px\"><span class=\"vc_empty_space_inner\"><\/span><\/div><h1 style=\"color: #ffffff;text-align: center;font-family:Montserrat;font-weight:400;font-style:normal;letter-spacing:1.5px\" class=\"vc_custom_heading\">Reserva tu Estad\u00eda<\/h1><\/div><\/div><\/div><div class=\"vc_row wpb_row row vc_custom_1753194772702 vc_row-has-fill vc_row-o-content-middle vc_row-flex\"><div class=\"vc_column_container col-md-4\"><div class=\"wpb_wrapper vc_column-inner\"><\/div><\/div><div class=\"vc_column_container col-md-4 vc_custom_1753194430759\"><div class=\"wpb_wrapper vc_column-inner\"><div class=\"vc_btn3-container vc_btn3-center vc_custom_1753194444495\" >\n\t<a class=\"vc_general vc_btn3 vc_btn3-size-lg vc_btn3-shape-square vc_btn3-style-classic vc_btn3-color-blue btn\" href=\"https:\/\/us2.cloudbeds.com\/es\/reservation\/hs6jQJ?currency=usd\" title=\"\">Reserva Ac\u00e1<\/a>\t<\/div>\n<\/div><\/div><div class=\"vc_column_container col-md-4\"><div class=\"wpb_wrapper vc_column-inner\"><\/div><\/div><\/div><div class=\"vc_row wpb_row row\"><div class=\"vc_column_container col-md-12\"><div class=\"wpb_wrapper vc_column-inner\">\n\t<div class=\"wpb_text_column wpb_content_element\" >\n\t\t<div class=\"wpb_wrapper\">\n\t\t\t<p style=\"text-align: center;\"><span style=\"font-size: 19px;\">Disfruta una estad\u00eda \u00fanica en Hotel Casa Somerscales: una casona patrimonial en pleno Cerro Alegre, con habitaciones de gran calidad, desayuno incluido, estacionamiento privado, chimenea encendida y una atenci\u00f3n c\u00e1lida y personalizada que te har\u00e1 sentir como en casa.<\/span><\/p>\n\n\t\t<\/div>\n\t<\/div>\n<\/div><\/div><\/div>","protected":false},"excerpt":{"rendered":"Reserva tu Estad\u00eda Reserva Ac\u00e1 Disfruta una estad\u00eda \u00fanica en Hotel Casa Somerscales: una casona patrimonial en pleno Cerro Alegre, con habitaciones de gran calidad, desayuno incluido, estacionamiento privado, chimenea encendida y una atenci\u00f3n c\u00e1lida y personalizada que te har\u00e1 sentir como en casa.","protected":false},"author":1,"featured_media":0,"parent":0,"menu_order":0,"comment_status":"closed","ping_status":"closed","template":"","meta":{"footnotes":""},"class_list":["post-205","page","type-page","status-publish","hentry"],"_links":{"self":[{"href":"https:\/\/www.hotelsomerscales.cl\/en\/wp-json\/wp\/v2\/pages\/205","targetHints":{"allow":["GET"]}}],"collection":[{"href":"https:\/\/www.hotelsomerscales.cl\/en\/wp-json\/wp\/v2\/pages"}],"about":[{"href":"https:\/\/www.hotelsomerscales.cl\/en\/wp-json\/wp\/v2\/types\/page"}],"author":[{"embeddable":true,"href":"https:\/\/www.hotelsomerscales.cl\/en\/wp-json\/wp\/v2\/users\/1"}],"replies":[{"embeddable":true,"href":"https:\/\/www.hotelsomerscales.cl\/en\/wp-json\/wp\/v2\/comments?post=205"}],"version-history":[{"count":36,"href":"https:\/\/www.hotelsomerscales.cl\/en\/wp-json\/wp\/v2\/pages\/205\/revisions"}],"predecessor-version":[{"id":6832,"href":"https:\/\/www.hotelsomerscales.cl\/en\/wp-json\/wp\/v2\/pages\/205\/revisions\/6832"}],"wp:attachment":[{"href":"https:\/\/www.hotelsomerscales.cl\/en\/wp-json\/wp\/v2\/media?parent=205"}],"curies":[{"name":"wp","href":"https:\/\/api.w.org\/{rel}","templated":true}]}}